{"id":1286,"date":"2024-03-22T10:46:15","date_gmt":"2024-03-22T09:46:15","guid":{"rendered":"https:\/\/victoriainteriorista.com\/es\/?page_id=1286"},"modified":"2024-03-22T10:59:18","modified_gmt":"2024-03-22T09:59:18","slug":"politica-de-cookies","status":"publish","type":"page","link":"https:\/\/victoriainteriorista.com\/es\/politica-de-cookies\/","title":{"rendered":"POL\u00cdTICA DE COOKIES"},"content":{"rendered":"\n<p class=\"has-small-font-size\">Esta Pol\u00edtica de Cookies, forma parte de la&nbsp;Pol\u00edtica de Privacidad de nuestros Sitios Web<\/p>\n\n\n\n<h2 class=\"wp-block-heading has-medium-font-size\">\u00bfQu\u00e9 es una cookie?<\/h2>\n\n\n\n<p class=\"has-small-font-size\">Las \u201ccookies\u201d son peque\u00f1os archivos de informaci\u00f3n que un sitio web transfiere al dispositivo&nbsp;&nbsp;(ordenador, tel\u00e9fono o similar) por el que accede a una p\u00e1gina web para almacenar sus preferencias de navegaci\u00f3n o recopilar informaci\u00f3n estad\u00edstica.<\/p>\n\n\n\n<h2 class=\"wp-block-heading has-medium-font-size\">\u00bfPor qu\u00e9 utilizamos cookies?<\/h2>\n\n\n\n<p class=\"has-small-font-size\">Utilizamos cookies para obtener m\u00e1s informaci\u00f3n sobre la forma en que los visitantes interact\u00faan con nuestro contenido y nos ayudan a mejorar la experiencia cuando se visita nuestro Sitio web.<\/p>\n\n\n\n<h2 class=\"wp-block-heading has-medium-font-size\">Tipos de cookies<\/h2>\n\n\n\n<p class=\"has-small-font-size\">En nuestro Sitio web utilizamos los siguientes tipos de cookies:<\/p>\n\n\n\n<p>Cookies estrictamente necesarias<\/p>\n\n\n\n<p class=\"has-small-font-size\">Estas cookies son necesarias para que el Sitio web funcione y no se pueden desactivar en nuestros sistemas. Se suelen configurar \u00fanicamente en respuesta a acciones realizadas por usted que equivalen a una solicitud de servicios, como establecer sus preferencias de privacidad, iniciar sesi\u00f3n o rellenar formularios. Puede configurar su navegador para que bloquee o le avise de estas cookies, pero si lo hace algunas partes del Sitio web no funcionar\u00e1n.<\/p>\n\n\n\n<p>Cookies de funcionalidad<\/p>\n\n\n\n<p class=\"has-small-font-size\">Estas cookies permiten que el Sitio web proporcione una mejor funcionalidad y personalizaci\u00f3n. Las podemos configurar nosotros o proveedores externos cuyos servicios hayamos a\u00f1adido a nuestras p\u00e1ginas. Si no permite estas cookies, puede que algunos o todos estos servicios no funcionen correctamente.<\/p>\n\n\n\n<p>Cookies de redes sociales<\/p>\n\n\n\n<p class=\"has-small-font-size\">Estas cookies las configuran una serie de servicios de redes sociales que hemos a\u00f1adido al Sitio web para permitirle compartir nuestro contenido con sus amigos y redes. Pueden realizar un seguimiento de su navegador en otros sitios y crear un perfil de sus intereses. Esto puede afectar al contenido y mensajes que ve en otros sitios web que visite. Si no permite estas cookies, es posible que no pueda utilizar o ver estas herramientas para compartir.<\/p>\n\n\n\n<h2 class=\"wp-block-heading has-medium-font-size\">\u00bfC\u00f3mo deshabilito y elimino la utilizaci\u00f3n de cookies?<\/h2>\n\n\n\n<p class=\"has-small-font-size\">Las cookies que son estrictamente necesarias para el uso del Sitio web, como las cookies de autenticaci\u00f3n o las cookies que recuerdan sus opciones con respecto a las cookies, se introducen autom\u00e1ticamente sin su consentimiento. Estas cookies se enumeran en el mensaje emergente de gesti\u00f3n y consentimiento de cookies que aparece cuando navega por primera vez al Sitio web y esta informaci\u00f3n tambi\u00e9n est\u00e1 disponible en el enlace \u201cGestionar las preferencias\u201d del pie de p\u00e1gina del Sitio web accesible desde cualquier p\u00e1gina del Sitio. El Sitio web no le da la posibilidad de rechazar estas cookies. Si bloquea estas cookies, en concreto a trav\u00e9s de su navegador, se ver\u00e1 afectada la navegaci\u00f3n en el Sitio web y puede que este no funcione de forma normal.<\/p>\n\n\n\n<p class=\"has-small-font-size\">A excepci\u00f3n de las cookies estrictamente necesarias, puede decidir qu\u00e9 cookies aceptar en el Sitio web mediante el mensaje emergente de gesti\u00f3n y consentimiento de cookies que aparece cuando navega por primera vez al Sitio web.<\/p>\n\n\n\n<p class=\"has-small-font-size\">Alternativamente, puede deshabilitar en su navegador el uso de cookies y eliminar las cookies guardadas en su navegador asociadas a este Sitio Web como se describe a continuaci\u00f3n. Esta posibilidad de evitar el uso de cookies puede ser llevada a cabo en cualquier momento.<\/p>\n\n\n\n<p class=\"has-small-font-size\">Puede restringir, bloquear o borrar nuestras cookies como se describi\u00f3 anteriormente, pero en dicho caso es posible que no pueda disfrutar de las facilidades y personalizaciones en los Servicios que las cookies permiten e incluso le informamos que puede ocurrir que fallen alguna de las funciones.<\/p>\n\n\n\n<p class=\"has-small-font-size\">Si bien la parametrizaci\u00f3n de cada navegador es diferente, es habitual que la configuraci\u00f3n de las cookies se realice en el men\u00fa de \u201cPreferencias\u201d o \u201cHerramientas\u201d. Para m\u00e1s detalle sobre la configuraci\u00f3n de las cookies en su navegador, consulte el men\u00fa \u201cAyuda\u201d del mismo.<\/p>\n\n\n\n<p class=\"has-small-font-size\">A continuaci\u00f3n le informamos de c\u00f3mo deshabilitar las cookies en los siguientes navegadores:<\/p>\n\n\n\n<ul class=\"wp-block-list\">\n<li class=\"has-small-font-size\">Para m\u00e1s informaci\u00f3n sobre Internet Explorer&nbsp;<a href=\"https:\/\/support.microsoft.com\/es-es\/help\/17442\/windows-internet-explorer-delete-manage-cookies\">pulse aqu\u00ed<\/a>.<\/li>\n\n\n\n<li class=\"has-small-font-size\">Para m\u00e1s informaci\u00f3n sobre Microsoft Edge&nbsp;<a href=\"https:\/\/privacy.microsoft.com\/es-es\/windows-10-microsoft-edge-and-privacy\">pulse aqu\u00ed<\/a>.<\/li>\n\n\n\n<li class=\"has-small-font-size\">Para m\u00e1s informaci\u00f3n sobre Chrome&nbsp;<a href=\"https:\/\/support.google.com\/chrome\/answer\/95647?hl=es\">pulse aqu\u00ed<\/a>.<\/li>\n\n\n\n<li class=\"has-small-font-size\">Para m\u00e1s informaci\u00f3n sobre Safari&nbsp;<a href=\"http:\/\/support.apple.com\/kb\/HT1677?viewlocale=es_ES&amp;locale=es_ES\">pulse aqu\u00ed<\/a>.<\/li>\n\n\n\n<li class=\"has-small-font-size\">Para m\u00e1s informaci\u00f3n sobre Firefox&nbsp;<a href=\"http:\/\/support.mozilla.org\/es\/kb\/habilitar-y-deshabilitar-cookies-que-los-sitios-we\">pulse aqu\u00ed<\/a>.<\/li>\n<\/ul>\n\n\n\n<p><\/p>\n\n\n\n<p><\/p>\n","protected":false},"excerpt":{"rendered":"<p>Esta Pol\u00edtica de Cookies, forma parte de la&nbsp;Pol\u00edtica de Privacidad de nuestros Sitios Web \u00bfQu\u00e9 es una cookie? Las \u201ccookies\u201d son peque\u00f1os archivos de informaci\u00f3n que un sitio web transfiere al dispositivo&nbsp;&nbsp;(ordenador, tel\u00e9fono o similar) por el que accede a una p\u00e1gina web para almacenar sus preferencias de navegaci\u00f3n o recopilar informaci\u00f3n estad\u00edstica. \u00bfPor qu\u00e9 &#8230; <a title=\"POL\u00cdTICA DE COOKIES\" class=\"read-more\" href=\"https:\/\/victoriainteriorista.com\/es\/politica-de-cookies\/\">Read more<span class=\"screen-reader-text\">POL\u00cdTICA DE COOKIES<\/span><\/a><\/p>\n","protected":false},"author":1,"featured_media":0,"parent":0,"menu_order":0,"comment_status":"closed","ping_status":"closed","template":"","meta":{"footnotes":""},"class_list":["post-1286","page","type-page","status-publish"],"_links":{"self":[{"href":"https:\/\/victoriainteriorista.com\/es\/wp-json\/wp\/v2\/pages\/1286","targetHints":{"allow":["GET"]}}],"collection":[{"href":"https:\/\/victoriainteriorista.com\/es\/wp-json\/wp\/v2\/pages"}],"about":[{"href":"https:\/\/victoriainteriorista.com\/es\/wp-json\/wp\/v2\/types\/page"}],"author":[{"embeddable":true,"href":"https:\/\/victoriainteriorista.com\/es\/wp-json\/wp\/v2\/users\/1"}],"replies":[{"embeddable":true,"href":"https:\/\/victoriainteriorista.com\/es\/wp-json\/wp\/v2\/comments?post=1286"}],"version-history":[{"count":2,"href":"https:\/\/victoriainteriorista.com\/es\/wp-json\/wp\/v2\/pages\/1286\/revisions"}],"predecessor-version":[{"id":1290,"href":"https:\/\/victoriainteriorista.com\/es\/wp-json\/wp\/v2\/pages\/1286\/revisions\/1290"}],"wp:attachment":[{"href":"https:\/\/victoriainteriorista.com\/es\/wp-json\/wp\/v2\/media?parent=1286"}],"curies":[{"name":"wp","href":"https:\/\/api.w.org\/{rel}","templated":true}]}}